{"id":735,"date":"2021-05-11T18:59:12","date_gmt":"2021-05-11T18:59:12","guid":{"rendered":"https:\/\/cincovias.com.mx\/?page_id=735"},"modified":"2021-08-17T18:28:15","modified_gmt":"2021-08-17T18:28:15","slug":"home-2","status":"publish","type":"page","link":"https:\/\/cincovias.com.mx\/","title":{"rendered":"Home"},"content":{"rendered":"\t\t<div data-elementor-type=\"wp-page\" data-elementor-id=\"735\" class=\"elementor elementor-735\">\n\t\t\t\t\t\t<section class=\"elementor-section elementor-top-section elementor-element elementor-element-31450ef5 elementor-section-full_width elementor-section-height-default elementor-section-height-default\" data-id=\"31450ef5\" data-element_type=\"section\" data-e-type=\"section\">\n\t\t\t\t\t\t<div class=\"elementor-container elementor-column-gap-default\">\n\t\t\t\t\t<div class=\"elementor-column elementor-col-100 elementor-top-column elementor-element elementor-element-378f36bc\" data-id=\"378f36bc\" data-element_type=\"column\" data-e-type=\"column\">\n\t\t\t<div class=\"elementor-widget-wrap elementor-element-populated\">\n\t\t\t\t\t\t<div class=\"elementor-element elementor-element-5478f11 elementor-align-left elementor-widget elementor-widget-bdevs-slider\" data-id=\"5478f11\" data-element_type=\"widget\" data-e-type=\"widget\" data-widget_type=\"bdevs-slider.default\">\n\t\t\t\t<div class=\"elementor-widget-container\">\n\t\t\t\t\t\t\t       <!-- slider-start -->\r\n        <div class=\"slider-area\">\r\n            <div class=\"slider-active slider-02-active\">\r\n            \t\t\t\t\t\t\t\t\t                <div class=\"single-slider slider-height d-flex align-items-center\" style=\"background-image:url(https:\/\/cincovias.com.mx\/wp-content\/uploads\/2021\/05\/Banner-Principal.png)\">\r\n                    <div class=\"container\">\r\n                        <div class=\"row\">\r\n                            <div class=\"col-xl-12\">\r\n                                <div class=\"slider-content slider-02-content pos-rel text-center\"> \r\n                                \t                                    <h2 data-animation=\"fadeInUp\" data-delay=\".5s\">Empresa l\u00edder en autotransporte<\/h2>\r\n                                                                        <p data-animation=\"fadeInUp\" data-delay=\".7s\">Empresa enfocada al servicio de autotrasporte p\u00fablico de carga, con alcance en territorio internacional.  <\/p>\r\n                                                                        <div class=\"slider-button\">\r\n                                    \t                                                                            <\/div>\r\n                                <\/div>\r\n                            <\/div>\r\n                        <\/div>\r\n                    <\/div>\r\n                <\/div>\r\n                            <\/div>\r\n       <\/div>\r\n       <!-- slider-start -->\r\n       \t\t\t\t\t<\/div>\n\t\t\t\t<\/div>\n\t\t\t\t\t<\/div>\n\t\t<\/div>\n\t\t\t\t\t<\/div>\n\t\t<\/section>\n\t\t\t\t<section class=\"elementor-section elementor-top-section elementor-element elementor-element-50604a4 elementor-section-full_width elementor-section-height-default elementor-section-height-default\" data-id=\"50604a4\" data-element_type=\"section\" data-e-type=\"section\">\n\t\t\t\t\t\t<div class=\"elementor-container elementor-column-gap-default\">\n\t\t\t\t\t<div class=\"elementor-column elementor-col-100 elementor-top-column elementor-element elementor-element-221ad096\" data-id=\"221ad096\" data-element_type=\"column\" data-e-type=\"column\">\n\t\t\t<div class=\"elementor-widget-wrap elementor-element-populated\">\n\t\t\t\t\t\t<div class=\"elementor-element elementor-element-453b135a elementor-align-left elementor-widget elementor-widget-bdevs-process\" data-id=\"453b135a\" data-element_type=\"widget\" data-e-type=\"widget\" id=\"Quienes\" data-widget_type=\"bdevs-process.default\">\n\t\t\t\t<div class=\"elementor-widget-container\">\n\t\t\t\t\t\t\t<!-- working-area-start -->\r\n        <div class=\"working-area pt-125 pb-95\" style=\"background-image:url()\">\r\n            <div class=\"container\">\r\n                <div class=\"row\">\r\n                    <div class=\"col-xl-8 col-lg-8 offset-lg-2 offset-xl-2\">\r\n                        <div class=\"section-title section-2 text-center pos-rel mr-60 ml-60 mb-75\">\r\n                        \t                        \t                        \t<span class=\"border-left-1\"><\/span>\r\n                            <span>Qui\u00e9nes Somos<\/span>\r\n                            <span class=\"border-right-1\"><\/span>\r\n                                                                                    <h2>Vanguardia y Experiencia<\/h2>\r\n                                                    <\/div>\r\n                    <\/div> \r\n                <\/div>\r\n                <div class=\"row\">\r\n                \t\t\t\t\t\t\t\t\t\t\t                    <div class=\"col-xl-4 col-lg-4 col-md-6\">\r\n                        <div class=\"working-wrapper text-center mb-30\">\r\n                            <div class=\"working-img\">\r\n                                <img decoding=\"async\" src=\"https:\/\/cincovias.com.mx\/wp-content\/uploads\/2021\/05\/Consolidacion.png\" alt=\"\">\r\n                            <\/div>\r\n                            <div class=\"working-text\">\r\n                                <h3>Consolidaci\u00f3n<\/h3>\r\n                                <p>Con m\u00e1s de 30 a\u00f1os de experiencia en el rubro, Homero Soto constituye la empresa en junio de 2019 con el apoyo de su familia<\/p>\r\n                            <\/div>\r\n                        <\/div>\r\n                    <\/div>\r\n                    \t\t\t\t\t\t\t\t\t\t                    <div class=\"col-xl-4 col-lg-4 col-md-6\">\r\n                        <div class=\"working-wrapper text-center mb-30\">\r\n                            <div class=\"working-img\">\r\n                                <img decoding=\"async\" src=\"https:\/\/cincovias.com.mx\/wp-content\/uploads\/2021\/05\/Mision.png\" alt=\"\">\r\n                            <\/div>\r\n                            <div class=\"working-text\">\r\n                                <h3>Misi\u00f3n<\/h3>\r\n                                <p>Durante sus 45 a\u00f1os de experiencia en el ramo, hemos estados comprometidos con brindar un servicio personalizado. Esto nos permite satisfacer de manera eficiente y eficaz la necesidad del transporte de carga de cada cliente, a fin de contribuir a su buena operaci\u00f3n. <\/p>\r\n                            <\/div>\r\n                        <\/div>\r\n                    <\/div>\r\n                    \t\t\t\t\t\t\t\t\t\t                    <div class=\"col-xl-4 col-lg-4 col-md-6\">\r\n                        <div class=\"working-wrapper text-center mb-30\">\r\n                            <div class=\"working-img\">\r\n                                <img decoding=\"async\" src=\"https:\/\/cincovias.com.mx\/wp-content\/uploads\/2021\/05\/Valores.png\" alt=\"\">\r\n                            <\/div>\r\n                            <div class=\"working-text\">\r\n                                <h3>Valores<\/h3>\r\n                                <p>Servicio<br>\nConfianza <br>\nCompromiso<\/p>\r\n                            <\/div>\r\n                        <\/div>\r\n                    <\/div>\r\n                                    <\/div>\r\n            <\/div>\r\n        <\/div>\r\n        <!-- working-area-end -->\r\n\t\t\t\t\t<\/div>\n\t\t\t\t<\/div>\n\t\t\t\t\t<\/div>\n\t\t<\/div>\n\t\t\t\t\t<\/div>\n\t\t<\/section>\n\t\t\t\t<section class=\"elementor-section elementor-top-section elementor-element elementor-element-466c82a2 elementor-section-full_width elementor-section-height-default elementor-section-height-default\" data-id=\"466c82a2\" data-element_type=\"section\" data-e-type=\"section\">\n\t\t\t\t\t\t<div class=\"elementor-container elementor-column-gap-default\">\n\t\t\t\t\t<div class=\"elementor-column elementor-col-100 elementor-top-column elementor-element elementor-element-10c305c7\" data-id=\"10c305c7\" data-element_type=\"column\" data-e-type=\"column\">\n\t\t\t<div class=\"elementor-widget-wrap elementor-element-populated\">\n\t\t\t\t\t\t<div class=\"elementor-element elementor-element-6c1fe36 elementor-align-left elementor-widget elementor-widget-bdevs-about\" data-id=\"6c1fe36\" data-element_type=\"widget\" data-e-type=\"widget\" id=\"Nosotros\" data-widget_type=\"bdevs-about.default\">\n\t\t\t\t<div class=\"elementor-widget-container\">\n\t\t\t\t\t\t\t\t\t<!-- about-us-area-start -->\r\n        <div class=\"about-us-area pb-100\">\r\n            <div class=\"container\">\r\n                <div class=\"row\">\r\n                    <div class=\"col-xl-6 col-lg-6\">\r\n                        <div class=\"about-us-img mb-30\">\r\n                            <img decoding=\"async\" src=\"https:\/\/cincovias.com.mx\/wp-content\/uploads\/2021\/05\/Sobre-Nosotros.png\" alt=\"\">\r\n                        <\/div>\r\n                    <\/div>\r\n                    <div class=\"col-xl-6 col-lg-6\">\r\n                        <div class=\"about-us-wrapper mb-30\">\r\n                            <div class=\"section-title pos-rel mb-35\">\r\n                            \t                            \t                                <span class=\"line\">Sobre Nosotros<\/span>\r\n                                                                                                <h2>Equipo<\/h2>\r\n                                                            <\/div>\r\n                            <div class=\"about-us-text pos-rel\">\r\n                            \t                                <p>El equipo de trabajo esta conformado por los siete integrantes de la familia, empezando por el fundador Homero Soto Sep\u00falveda junto a su esposa y sus cinco hijos.<\/p><p>Nuestros operadores son personas altamente capacitadas que viven los valores de la empresa de manera inquebrantable. Esto significa trabajar en equipo para lograr un bien com\u00fan, y actuar con honestidad ante uno mismo y los dem\u00e1s.<\/p>                            \t                                                            <\/div>\r\n                        <\/div>\r\n                    <\/div>\r\n                <\/div>\r\n            <\/div>\r\n        <\/div>\r\n        <!-- about-us-area-end -->\r\n        \t\t\t\t\t<\/div>\n\t\t\t\t<\/div>\n\t\t\t\t\t<\/div>\n\t\t<\/div>\n\t\t\t\t\t<\/div>\n\t\t<\/section>\n\t\t\t\t<section class=\"elementor-section elementor-top-section elementor-element elementor-element-7b7931ce elementor-section-full_width elementor-section-height-default elementor-section-height-default\" data-id=\"7b7931ce\" data-element_type=\"section\" data-e-type=\"section\">\n\t\t\t\t\t\t<div class=\"elementor-container elementor-column-gap-default\">\n\t\t\t\t\t<div class=\"elementor-column elementor-col-100 elementor-top-column elementor-element elementor-element-28231e6\" data-id=\"28231e6\" data-element_type=\"column\" data-e-type=\"column\">\n\t\t\t<div class=\"elementor-widget-wrap elementor-element-populated\">\n\t\t\t\t\t\t<div class=\"elementor-element elementor-element-27b22ebc elementor-align-left elementor-widget elementor-widget-bdevs-services\" data-id=\"27b22ebc\" data-element_type=\"widget\" data-e-type=\"widget\" id=\"Servicios\" data-widget_type=\"bdevs-services.default\">\n\t\t\t\t<div class=\"elementor-widget-container\">\n\t\t\t\t\t\t\t        <!-- services-area-start -->\r\n        <div class=\"services-area pt-125 pb-220\" style=\"background-image:url(https:\/\/cincovias.com.mx\/wp-content\/uploads\/2021\/05\/Fondo-Servicios.png)\">\r\n            <div class=\"container\">\r\n                <div class=\"row\">\r\n                    <div class=\"col-xl-8 col-lg-8 offset-lg-2 offset-xl-2\">\r\n                        <div class=\"section-title section-2 text-center pos-rel mr-60 ml-60 mb-75\">\r\n                        \t                                                        <span class=\"border-left-1\"><\/span>\r\n                            <span>Servicios y Equipos<\/span>\r\n                            <span class=\"border-right-1\"><\/span>\r\n                                                                                    <h2><span style=\"color:white\">Caracter\u00edsticas que nos hacen \u00fanicos<\/span><\/h2>\r\n                                                    <\/div>\r\n                    <\/div> \r\n                <\/div>\r\n                <div class=\"row services-02-active arrow-style\">\r\n                \t\t\t\t\t\t\t\t\t\t\t                    <div class=\"col-xl-12\">\r\n                        <div class=\"services-02-wrapper\">\r\n                            <div class=\"services-02-icon\">\r\n                                <img decoding=\"async\" src=\"https:\/\/cincovias.com.mx\/wp-content\/uploads\/2021\/05\/Iconos-07.png\" alt=\"\">\r\n                            <\/div>\r\n                            <div class=\"services-02-text\">\r\n                                <h3>Amplio Alcance<\/h3>\r\n                                <p>Cinco V\u00edas es una empresa enfocada al servicio de autotrasporte p\u00fablico de carga, con alcance en territorio internacional.\n<br><br><\/p>\r\n                                <div class=\"b-button black-b-button\">\r\n                                    <a href=\"\"><\/a>\r\n                                 <\/div>\r\n                            <\/div>\r\n                        <\/div>\r\n                    <\/div>\r\n                    \t\t\t\t\t\t\t\t\t\t                    <div class=\"col-xl-12\">\r\n                        <div class=\"services-02-wrapper\">\r\n                            <div class=\"services-02-icon\">\r\n                                <img decoding=\"async\" src=\"https:\/\/cincovias.com.mx\/wp-content\/uploads\/2021\/05\/Iconos-06.png\" alt=\"\">\r\n                            <\/div>\r\n                            <div class=\"services-02-text\">\r\n                                <h3>Equipo Actualizado<\/h3>\r\n                                <p>Actualmente contamos con once trailers modelo 2020 y 2021, que ofrecen servicio de flete nacional e internacional en modalidad de caja seca de 53 pies. <\/p>\r\n                                <div class=\"b-button black-b-button\">\r\n                                    <a href=\"\"><\/a>\r\n                                 <\/div>\r\n                            <\/div>\r\n                        <\/div>\r\n                    <\/div>\r\n                    \t\t\t\t\t\t\t\t\t\t                    <div class=\"col-xl-12\">\r\n                        <div class=\"services-02-wrapper\">\r\n                            <div class=\"services-02-icon\">\r\n                                <img decoding=\"async\" src=\"https:\/\/cincovias.com.mx\/wp-content\/uploads\/2021\/05\/Iconos-05.png\" alt=\"\">\r\n                            <\/div>\r\n                            <div class=\"services-02-text\">\r\n                                <h3>Monitoreo 24\/7<\/h3>\r\n                                <p>Cada carga es monitoreada 24\/7 con localizador GPS. El desplazo es llevado a cabo por nuestros operadores capacitados para cumplir cabalmente todas sus responabilidades.<\/p>\r\n                                <div class=\"b-button black-b-button\">\r\n                                    <a href=\"\"><\/a>\r\n                                 <\/div>\r\n                            <\/div>\r\n                        <\/div>\r\n                    <\/div>\r\n                    \t\t\t\t\t\t\t\t\t\t                    <div class=\"col-xl-12\">\r\n                        <div class=\"services-02-wrapper\">\r\n                            <div class=\"services-02-icon\">\r\n                                <img decoding=\"async\" src=\"https:\/\/cincovias.com.mx\/wp-content\/uploads\/2021\/05\/Iconos-04.png\" alt=\"\">\r\n                            <\/div>\r\n                            <div class=\"services-02-text\">\r\n                                <h3>Localizacion Exacta<\/h3>\r\n                                <p>El cliente puede localizar su carga en cualquier momento por medio de una cuenta personalizada con la que puede consultar GPS en la p\u00e1gina de internet; no requiere llamar a oficinas. <\/p>\r\n                                <div class=\"b-button black-b-button\">\r\n                                    <a href=\"\"><\/a>\r\n                                 <\/div>\r\n                            <\/div>\r\n                        <\/div>\r\n                    <\/div>\r\n                                    <\/div>\r\n            <\/div>\r\n        <\/div>\r\n        <!-- services-area-end -->\r\n        \t\t\t\t\t<\/div>\n\t\t\t\t<\/div>\n\t\t\t\t\t<\/div>\n\t\t<\/div>\n\t\t\t\t\t<\/div>\n\t\t<\/section>\n\t\t\t\t<section class=\"elementor-section elementor-top-section elementor-element elementor-element-5fd32ea3 elementor-section-full_width elementor-section-height-default elementor-section-height-default\" data-id=\"5fd32ea3\" data-element_type=\"section\" data-e-type=\"section\">\n\t\t\t\t\t\t<div class=\"elementor-container elementor-column-gap-default\">\n\t\t\t\t\t<div class=\"elementor-column elementor-col-100 elementor-top-column elementor-element elementor-element-14179cc\" data-id=\"14179cc\" data-element_type=\"column\" data-e-type=\"column\">\n\t\t\t<div class=\"elementor-widget-wrap\">\n\t\t\t\t\t\t\t<\/div>\n\t\t<\/div>\n\t\t\t\t\t<\/div>\n\t\t<\/section>\n\t\t\t\t<section class=\"elementor-section elementor-top-section elementor-element elementor-element-4da7150 elementor-section-full_width elementor-section-height-default elementor-section-height-default\" data-id=\"4da7150\" data-element_type=\"section\" data-e-type=\"section\">\n\t\t\t\t\t\t<div class=\"elementor-container elementor-column-gap-default\">\n\t\t\t\t\t<div class=\"elementor-column elementor-col-100 elementor-top-column elementor-element elementor-element-3e8f9b4a\" data-id=\"3e8f9b4a\" data-element_type=\"column\" data-e-type=\"column\">\n\t\t\t<div class=\"elementor-widget-wrap elementor-element-populated\">\n\t\t\t\t\t\t<div class=\"elementor-element elementor-element-e943635 elementor-align-left elementor-widget elementor-widget-bdevs-contact\" data-id=\"e943635\" data-element_type=\"widget\" data-e-type=\"widget\" id=\"Contacto\" data-widget_type=\"bdevs-contact.default\">\n\t\t\t\t<div class=\"elementor-widget-container\">\n\t\t\t\t\t\t\t<!-- contact-us-area-start -->\r\n        <div class=\"contact-us-area pt-125 pb-115\" style=\"background-image:url(https:\/\/cincovias.com.mx\/wp-content\/uploads\/2021\/05\/09.jpg)\">\r\n            <div class=\"container\">\r\n                <div class=\"row\">\r\n                    <div class=\"col-xl-8 col-lg-8 offset-lg-2 offset-xl-2\">\r\n                        <div class=\"section-title white-title section-2 text-center pos-rel mr-80 ml-80 mb-75\">\r\n                        \t                        \t                        \t<span class=\"border-left-1\"><\/span>\r\n                            <span>Cont\u00e1ctanos<\/span>\r\n                            <span class=\"border-right-1\"><\/span>\r\n                                                                                    <h2>Cinco V\u00edas<\/h2>\r\n                                                    <\/div>\r\n                    <\/div> \r\n                <\/div>\r\n                <div class=\"row\">\r\n                    <div class=\"col-xl-4 col-lg-4\">\r\n                        <div class=\"single-contact-us mb-30\">\r\n                        \t                            <div class=\"contact-us-list\">\r\n                                <div class=\"contact-us-icon f-right\">\r\n                                    <i class=\"far fa-phone\"><\/i>\r\n                                <\/div>\r\n                                <div class=\"contact-us-text f-right\">\r\n                                    <span>Tel\u00e9fono<\/span>\r\n                                    <h4>&nbsp;&nbsp;&nbsp;&nbsp;&nbsp;&nbsp;&nbsp;&nbsp;&nbsp;+52 614-437-99-93<\/h4>\r\n                                <\/div>\r\n                            <\/div>\r\n                                                    <\/div>\r\n                    <\/div>\r\n                    <div class=\"col-xl-8 col-lg-8\">\r\n                        <div class=\"contact-us-wrapper\">\r\n                            \n<div class=\"wpcf7 no-js\" id=\"wpcf7-f123-o1\" lang=\"en-US\" dir=\"ltr\" data-wpcf7-id=\"123\">\n<div class=\"screen-reader-response\"><p role=\"status\" aria-live=\"polite\" aria-atomic=\"true\"><\/p> <ul><\/ul><\/div>\n<form action=\"\/index.php\/wp-json\/wp\/v2\/pages\/735#wpcf7-f123-o1\" method=\"post\" class=\"wpcf7-form init\" aria-label=\"Contact form\" novalidate=\"novalidate\" data-status=\"init\">\n<fieldset class=\"hidden-fields-container\"><input type=\"hidden\" name=\"_wpcf7\" value=\"123\" \/><input type=\"hidden\" name=\"_wpcf7_version\" value=\"6.1.5\" \/><input type=\"hidden\" name=\"_wpcf7_locale\" value=\"en_US\" \/><input type=\"hidden\" name=\"_wpcf7_unit_tag\" value=\"wpcf7-f123-o1\" \/><input type=\"hidden\" name=\"_wpcf7_container_post\" value=\"0\" \/><input type=\"hidden\" name=\"_wpcf7_posted_data_hash\" value=\"\" \/>\n<\/fieldset>\n<div id=\"contact-form\" action=\"#\">\n\t<div class=\"row\">\n\t\t<div class=\"col-lg-6\">\n\t\t\t<div class=\"form-2-box user-2-icon mb-30\">\n\t\t\t\t<p><span class=\"wpcf7-form-control-wrap\" data-name=\"names\"><input size=\"40\" maxlength=\"400\" class=\"wpcf7-form-control wpcf7-text wpcf7-validates-as-required\" aria-required=\"true\" aria-invalid=\"false\" placeholder=\"Nombre\" value=\"\" type=\"text\" name=\"names\" \/><\/span>\n\t\t\t\t<\/p>\n\t\t\t<\/div>\n\t\t<\/div>\n\t\t<div class=\"col-lg-6\">\n\t\t\t<div class=\"form-2-box email-2-icon mb-30\">\n\t\t\t\t<p><span class=\"wpcf7-form-control-wrap\" data-name=\"email\"><input size=\"40\" maxlength=\"400\" class=\"wpcf7-form-control wpcf7-email wpcf7-validates-as-required wpcf7-text wpcf7-validates-as-email\" aria-required=\"true\" aria-invalid=\"false\" placeholder=\"Correo\" value=\"\" type=\"email\" name=\"email\" \/><\/span>\n\t\t\t\t<\/p>\n\t\t\t<\/div>\n\t\t<\/div>\n\t\t<div class=\"col-lg-6\">\n\t\t\t<div class=\"form-2-box phone-2-icon mb-30\">\n\t\t\t\t<p><span class=\"wpcf7-form-control-wrap\" data-name=\"phone\"><input size=\"40\" maxlength=\"400\" class=\"wpcf7-form-control wpcf7-text wpcf7-validates-as-required\" aria-required=\"true\" aria-invalid=\"false\" placeholder=\"Tel\u00e9fono\" value=\"\" type=\"text\" name=\"phone\" \/><\/span>\n\t\t\t\t<\/p>\n\t\t\t<\/div>\n\t\t<\/div>\n\t\t<div class=\"col-lg-6\">\n\t\t\t<div class=\"form-2-box subject-2-icon mb-30\">\n\t\t\t\t<p><span class=\"wpcf7-form-control-wrap\" data-name=\"subject\"><input size=\"40\" maxlength=\"400\" class=\"wpcf7-form-control wpcf7-text wpcf7-validates-as-required\" aria-required=\"true\" aria-invalid=\"false\" placeholder=\"Asunto\" value=\"\" type=\"text\" name=\"subject\" \/><\/span>\n\t\t\t\t<\/p>\n\t\t\t<\/div>\n\t\t<\/div>\n\t\t<div class=\"col-lg-12\">\n\t\t\t<div class=\"form-2-box message-2-icon mb-30\">\n\t\t\t\t<p><span class=\"wpcf7-form-control-wrap\" data-name=\"message\"><textarea cols=\"30\" rows=\"10\" maxlength=\"2000\" class=\"wpcf7-form-control wpcf7-textarea wpcf7-validates-as-required\" id=\"messgae\" aria-required=\"true\" aria-invalid=\"false\" placeholder=\"Mensaje\" name=\"message\"><\/textarea><\/span>\n\t\t\t\t<\/p>\n\t\t\t<\/div>\n\t\t\t<div class=\"contact-btn\">\n\t\t\t\t<p><input class=\"wpcf7-form-control wpcf7-submit has-spinner btn btn-icon\" type=\"submit\" value=\"Enviar\" \/>\n\t\t\t\t<\/p>\n\t\t\t<\/div>\n\t\t<\/div>\n\t<\/div>\n<\/div><div class=\"wpcf7-response-output\" aria-hidden=\"true\"><\/div>\n<\/form>\n<\/div>\n                            <p class=\"ajax-response text-center\"><\/p>\r\n                        <\/div>\r\n                    <\/div>\r\n                <\/div>\r\n            <\/div>\r\n        <\/div>\r\n        <!-- contact-us-area-end -->\r\n\t\t\t\t\t<\/div>\n\t\t\t\t<\/div>\n\t\t\t\t\t<\/div>\n\t\t<\/div>\n\t\t\t\t\t<\/div>\n\t\t<\/section>\n\t\t\t\t<\/div>\n\t\t","protected":false},"excerpt":{"rendered":"<p>Empresa l\u00edder en autotransporte Empresa enfocada al servicio de autotrasporte p\u00fablico de carga, con alcance en territorio internacional. Qui\u00e9nes Somos Vanguardia y Experiencia Consolidaci\u00f3n Con m\u00e1s de 30 a\u00f1os de experiencia en el rubro, Homero Soto constituye la empresa en junio de 2019 con el apoyo de su familia Misi\u00f3n Durante sus 45 a\u00f1os de [&hellip;]<\/p>\n","protected":false},"author":3,"featured_media":0,"parent":0,"menu_order":0,"comment_status":"closed","ping_status":"closed","template":"page-templates\/home-2.php","meta":{"footnotes":""},"class_list":["post-735","page","type-page","status-publish","hentry"],"_links":{"self":[{"href":"https:\/\/cincovias.com.mx\/index.php\/wp-json\/wp\/v2\/pages\/735","targetHints":{"allow":["GET"]}}],"collection":[{"href":"https:\/\/cincovias.com.mx\/index.php\/wp-json\/wp\/v2\/pages"}],"about":[{"href":"https:\/\/cincovias.com.mx\/index.php\/wp-json\/wp\/v2\/types\/page"}],"author":[{"embeddable":true,"href":"https:\/\/cincovias.com.mx\/index.php\/wp-json\/wp\/v2\/users\/3"}],"replies":[{"embeddable":true,"href":"https:\/\/cincovias.com.mx\/index.php\/wp-json\/wp\/v2\/comments?post=735"}],"version-history":[{"count":132,"href":"https:\/\/cincovias.com.mx\/index.php\/wp-json\/wp\/v2\/pages\/735\/revisions"}],"predecessor-version":[{"id":1009,"href":"https:\/\/cincovias.com.mx\/index.php\/wp-json\/wp\/v2\/pages\/735\/revisions\/1009"}],"wp:attachment":[{"href":"https:\/\/cincovias.com.mx\/index.php\/wp-json\/wp\/v2\/media?parent=735"}],"curies":[{"name":"wp","href":"https:\/\/api.w.org\/{rel}","templated":true}]}}